{"id":963,"date":"2014-01-13T13:32:54","date_gmt":"2014-01-13T13:32:54","guid":{"rendered":"http:\/\/www.bmmarketing.com.br\/meddel\/?page_id=963"},"modified":"2014-02-10T13:36:29","modified_gmt":"2014-02-10T13:36:29","slug":"empresa-2","status":"publish","type":"page","link":"https:\/\/meddel.com.br\/?page_id=963","title":{"rendered":"Empresa"},"content":{"rendered":"<div class=\"et_pb_section\">\n\t\t\t<div class=\"et_pb_row\">\n\t\t\t<div class=\"et_pb_column et_pb_column_4_4\">\n\t\t\t<div class=\"et_pb_text et_pb_bg_layout_light et_pb_text_align_left\">\n\t\t\t\n<h2><strong>Empresa<\/strong><\/h2>\n<p>&nbsp;<\/p>\n<p><strong>A M\u00e9ddel \u00e9 especializada na distribui\u00e7\u00e3o de Instrumentos para automa\u00e7\u00e3o de processos industriais.<\/strong><\/p>\n<p><!--more--><\/p>\n<p style=\"text-align: justify;\">Obter efici\u00eancia no processo de fabrica\u00e7\u00e3o \u00e9 um desafio constante para a ind\u00fastria. Em termos de Instrumenta\u00e7\u00e3o, requer instrumentos modernos, confi\u00e1veis e adequados ao processo. \u00a0H\u00e1 mais de dez anos a M\u00e9ddel disponibiliza para os seus clientes solu\u00e7\u00f5es em medi\u00e7\u00e3o, controle e monitoramento de processos.<\/p>\n<p style=\"text-align: justify;\">Ofertar as melhores solu\u00e7\u00f5es \u00e9 o resultado da dedica\u00e7\u00e3o de profissionais qualificados com conhecimento das principais demandas dos diversos setores da ind\u00fastria e disponibilidade imediata de produtos para que a sua produ\u00e7\u00e3o n\u00e3o pare.<\/p>\n<p style=\"text-align: justify;\">Al\u00e9m disso, para garantir a sua satisfa\u00e7\u00e3o, constantemente a M\u00e9ddel desenvolve parcerias reunindo os melhores fabricantes de Instrumentos de Medi\u00e7\u00e3o e Controle de Processos em Minas Gerais.<\/p>\n<p style=\"text-align: justify;\">Podemos atend\u00ea-lo nas demandas com os Processos de Temperatura, Press\u00e3o, Controle de Chama, Tratamento e Controle de Ar Comprimido.<\/p>\n<p style=\"text-align: justify;\">Nossa miss\u00e3o \u00e9 fornecer as melhores solu\u00e7\u00f5es em Instrumentos para automa\u00e7\u00e3o, que agregadas ao Processo Industrial maximizem com seguran\u00e7a os resultados desejados pelo cliente.<\/p>\n<p>\u00a0\n\t\t<\/div> <!-- .et_pb_text -->\n\t\t<\/div> <!-- .et_pb_column -->\n\t\t<\/div> <!-- .et_pb_row --><div class=\"et_pb_row\">\n\t\t\t<div class=\"et_pb_column et_pb_column_4_4\">\n\t\t\t<img decoding=\"async\" src=\"http:\/\/meddel.com.br\/novo\/wp-content\/uploads\/2014\/01\/empresa-22.jpg\" alt=\"\" class=\"et-waypoint et_pb_image et_pb_animation_left\" \/>\n\t\t<\/div> <!-- .et_pb_column -->\n\t\t<\/div> <!-- .et_pb_row -->\n\t\t\t\n\t\t<\/div> <!-- .et_pb_section -->\n","protected":false},"excerpt":{"rendered":"<p>Empresa &nbsp; A M\u00e9ddel \u00e9 especializada na distribui\u00e7\u00e3o de Instrumentos para automa\u00e7\u00e3o de processos industriais.<\/p>\n","protected":false},"author":1,"featured_media":0,"parent":0,"menu_order":0,"comment_status":"closed","ping_status":"closed","template":"","meta":{"footnotes":"","_joinchat":[]},"_links":{"self":[{"href":"https:\/\/meddel.com.br\/index.php?rest_route=\/wp\/v2\/pages\/963"}],"collection":[{"href":"https:\/\/meddel.com.br\/index.php?rest_route=\/wp\/v2\/pages"}],"about":[{"href":"https:\/\/meddel.com.br\/index.php?rest_route=\/wp\/v2\/types\/page"}],"author":[{"embeddable":true,"href":"https:\/\/meddel.com.br\/index.php?rest_route=\/wp\/v2\/users\/1"}],"replies":[{"embeddable":true,"href":"https:\/\/meddel.com.br\/index.php?rest_route=%2Fwp%2Fv2%2Fcomments&post=963"}],"version-history":[{"count":6,"href":"https:\/\/meddel.com.br\/index.php?rest_route=\/wp\/v2\/pages\/963\/revisions"}],"predecessor-version":[{"id":2019,"href":"https:\/\/meddel.com.br\/index.php?rest_route=\/wp\/v2\/pages\/963\/revisions\/2019"}],"wp:attachment":[{"href":"https:\/\/meddel.com.br\/index.php?rest_route=%2Fwp%2Fv2%2Fmedia&parent=963"}],"curies":[{"name":"wp","href":"https:\/\/api.w.org\/{rel}","templated":true}]}}