{"id":1122,"date":"2014-01-14T16:11:26","date_gmt":"2014-01-14T16:11:26","guid":{"rendered":"http:\/\/www.bmmarketing.com.br\/meddel\/?page_id=1122"},"modified":"2014-01-14T16:11:26","modified_gmt":"2014-01-14T16:11:26","slug":"instalacao-de-instrumentos","status":"publish","type":"page","link":"https:\/\/meddel.com.br\/?page_id=1122","title":{"rendered":"Instala\u00e7\u00e3o de Instrumentos"},"content":{"rendered":"<div class=\"et_pb_section\">\n\t\t\t<div class=\"et_pb_row\">\n\t\t\t<div class=\"et_pb_column et_pb_column_4_4\">\n\t\t\t<div class=\"et_pb_text et_pb_bg_layout_light et_pb_text_align_left\">\n\t\t\t\n<h3><span style=\"color: #ff9900;\">Instala\u00e7\u00e3o de Instrumentos de Medi\u00e7\u00e3o e Controle de Processos<\/span><\/h3>\n<p><strong>Execu\u00e7\u00e3o<\/strong><\/p>\n<ul>\n<li>Montagem dos Sistemas El\u00e9tricos e de Instrumenta\u00e7\u00e3o<\/li>\n<li>Configura\u00e7\u00e3o do Instrumento<\/li>\n<li>Start up<\/li>\n<li>Partida assistida de sistemas, Malhas de Controle e Equipamentos.<\/li>\n<\/ul>\n<p><strong>Supervis\u00e3o<\/strong><\/p>\n<ul>\n<li>Assist\u00eancia de profissional qualificado em todas as fases da execu\u00e7\u00e3o, assegurando a qualidade da instala\u00e7\u00e3o e o pleno alcance dos objetivos desejados.<\/li>\n<\/ul>\n\n\t\t<\/div> <!-- .et_pb_text -->\n\t\t<\/div> <!-- .et_pb_column -->\n\t\t<\/div> <!-- .et_pb_row -->\n\t\t\t\n\t\t<\/div> <!-- .et_pb_section -->\n","protected":false},"excerpt":{"rendered":"","protected":false},"author":1,"featured_media":0,"parent":724,"menu_order":0,"comment_status":"closed","ping_status":"closed","template":"","meta":{"footnotes":"","_joinchat":[]},"_links":{"self":[{"href":"https:\/\/meddel.com.br\/index.php?rest_route=\/wp\/v2\/pages\/1122"}],"collection":[{"href":"https:\/\/meddel.com.br\/index.php?rest_route=\/wp\/v2\/pages"}],"about":[{"href":"https:\/\/meddel.com.br\/index.php?rest_route=\/wp\/v2\/types\/page"}],"author":[{"embeddable":true,"href":"https:\/\/meddel.com.br\/index.php?rest_route=\/wp\/v2\/users\/1"}],"replies":[{"embeddable":true,"href":"https:\/\/meddel.com.br\/index.php?rest_route=%2Fwp%2Fv2%2Fcomments&post=1122"}],"version-history":[{"count":0,"href":"https:\/\/meddel.com.br\/index.php?rest_route=\/wp\/v2\/pages\/1122\/revisions"}],"up":[{"embeddable":true,"href":"https:\/\/meddel.com.br\/index.php?rest_route=\/wp\/v2\/pages\/724"}],"wp:attachment":[{"href":"https:\/\/meddel.com.br\/index.php?rest_route=%2Fwp%2Fv2%2Fmedia&parent=1122"}],"curies":[{"name":"wp","href":"https:\/\/api.w.org\/{rel}","templated":true}]}}